{"id":3263,"date":"2022-12-01T21:03:33","date_gmt":"2022-12-01T20:03:33","guid":{"rendered":"https:\/\/wp.repaircms.com\/?page_id=3263"},"modified":"2022-12-04T00:59:58","modified_gmt":"2022-12-03T23:59:58","slug":"sicherheit-zuverlaessigkeit","status":"publish","type":"page","link":"https:\/\/wp.repaircms.com\/de\/sicherheit-zuverlaessigkeit\/","title":{"rendered":"Sicherheit &#038; Zuverl\u00e4ssigkeit"},"content":{"rendered":"\t\t<div data-elementor-type=\"wp-page\" data-elementor-id=\"3263\" class=\"elementor elementor-3263\" data-elementor-post-type=\"page\">\n\t\t\t\t\t\t<section data-exad-particle-enable=\"false\" class=\"elementor-section elementor-top-section elementor-element elementor-element-3162cf9 elementor-section-boxed elementor-section-height-default elementor-section-height-default exad-parallax-effect-no exad-background-color-change-no\" data-id=\"3162cf9\" data-element_type=\"section\">\n\t\t\t\t\t\t<div class=\"elementor-container elementor-column-gap-default\">\n\t\t\t\t\t<div class=\"elementor-column elementor-col-100 elementor-top-column elementor-element elementor-element-b71c52a\" data-id=\"b71c52a\" data-element_type=\"column\">\n\t\t\t<div class=\"elementor-widget-wrap elementor-element-populated\">\n\t\t\t\t\t\t<div class=\"elementor-element elementor-element-a784f4a elementor-widget elementor-widget-heading\" data-id=\"a784f4a\" data-element_type=\"widget\" data-widget_type=\"heading.default\">\n\t\t\t\t<div class=\"elementor-widget-container\">\n\t\t\t<style>\/*! elementor - v3.20.0 - 13-03-2024 *\/\n.elementor-heading-title{padding:0;margin:0;line-height:1}.elementor-widget-heading .elementor-heading-title[class*=elementor-size-]>a{color:inherit;font-size:inherit;line-height:inherit}.elementor-widget-heading .elementor-heading-title.elementor-size-small{font-size:15px}.elementor-widget-heading .elementor-heading-title.elementor-size-medium{font-size:19px}.elementor-widget-heading .elementor-heading-title.elementor-size-large{font-size:29px}.elementor-widget-heading .elementor-heading-title.elementor-size-xl{font-size:39px}.elementor-widget-heading .elementor-heading-title.elementor-size-xxl{font-size:59px}<\/style><h6 class=\"elementor-heading-title elementor-size-default\">Stand: 03.12.2022<\/h6>\t\t<\/div>\n\t\t\t\t<\/div>\n\t\t\t\t<div class=\"elementor-element elementor-element-92c7a16 elementor-widget elementor-widget-text-editor\" data-id=\"92c7a16\" data-element_type=\"widget\" data-widget_type=\"text-editor.default\">\n\t\t\t\t<div class=\"elementor-widget-container\">\n\t\t\t<style>\/*! elementor - v3.20.0 - 13-03-2024 *\/\n.elementor-widget-text-editor.elementor-drop-cap-view-stacked .elementor-drop-cap{background-color:#69727d;color:#fff}.elementor-widget-text-editor.elementor-drop-cap-view-framed .elementor-drop-cap{color:#69727d;border:3px solid;background-color:transparent}.elementor-widget-text-editor:not(.elementor-drop-cap-view-default) .elementor-drop-cap{margin-top:8px}.elementor-widget-text-editor:not(.elementor-drop-cap-view-default) .elementor-drop-cap-letter{width:1em;height:1em}.elementor-widget-text-editor .elementor-drop-cap{float:left;text-align:center;line-height:1;font-size:50px}.elementor-widget-text-editor .elementor-drop-cap-letter{display:inline-block}<\/style>\t\t\t\t<p>Wir bei RepairCMS nehmen Sicherheit sehr ernst. Der Schutz Ihrer Daten ist unser Auftrag. Zu diesem Zweck befolgen wir die heutigen bew\u00e4hrten Sicherheitsverfahren, einschlie\u00dflich der folgenden:<\/p><ul><li>Verschl\u00fcsselte Daten\u00fcbertragung (https)<\/li><li>Verschl\u00fcsselung der Daten im Ruhezustand<\/li><li>E-Mail-Best\u00e4tigung<\/li><li>Starke Passw\u00f6rter<\/li><li>Zugangskontrollen<\/li><li>Audit- und Systemprotokolle<\/li><li>Netzwerksicherheit<\/li><\/ul><p>Wir erstellen fortlaufen Backups,<br \/>sodass wir zu jedem beliebigen Zeitpunkt innerhalb der Backup-Aufbewahrungsfrist wiederherstellen k\u00f6nnen.<\/p><p>Unsere Applikationen werden st\u00e4ndig auf Schwachstellen untersucht.\u00a0<\/p><p>H\u00e4ufige Aktualisierung der Code-Bibliotheken<br \/>Wir verwenden ein automatisiertes System, um bekannte Sicherheitsschwachstellen in den Open-Source-Bibliotheken, auf die wir angewiesen sind, zu \u00fcberwachen und schnell mit Aktualisierungen zu reagieren.<\/p><p>F\u00fcr den Fall einer Datenschutzverletzung haben wir ein Verfahren, das vorschreibt, wie und wann wir die betroffenen Parteien rechtzeitig und verantwortungsbewusst informieren, wobei die erste Mitteilung innerhalb von 24 Stunden nach Bekanntwerden des Vorfalls erfolgt.<\/p>\t\t\t\t\t\t<\/div>\n\t\t\t\t<\/div>\n\t\t\t\t\t<\/div>\n\t\t<\/div>\n\t\t\t\t\t<\/div>\n\t\t<\/section>\n\t\t\t\t<\/div>\n\t\t","protected":false},"excerpt":{"rendered":"<p>Stand: 03.12.2022 Wir bei RepairCMS nehmen Sicherheit sehr ernst. Der Schutz Ihrer Daten ist unser Auftrag. Zu diesem Zweck befolgen wir die heutigen bew\u00e4hrten Sicherheitsverfahren, einschlie\u00dflich der folgenden: Verschl\u00fcsselte Daten\u00fcbertragung (https) Verschl\u00fcsselung der Daten im Ruhezustand E-Mail-Best\u00e4tigung Starke Passw\u00f6rter Zugangskontrollen Audit- und Systemprotokolle Netzwerksicherheit Wir erstellen fortlaufen Backups,sodass wir zu jedem beliebigen Zeitpunkt innerhalb der [&hellip;]<\/p>\n","protected":false},"author":1,"featured_media":0,"parent":0,"menu_order":0,"comment_status":"closed","ping_status":"closed","template":"","meta":{"_acf_changed":false,"content-type":"","inline_featured_image":false,"site-sidebar-layout":"left-sidebar","site-content-layout":"content-boxed-container","ast-site-content-layout":"","site-content-style":"default","site-sidebar-style":"default","ast-global-header-display":"","ast-banner-title-visibility":"","ast-main-header-display":"","ast-hfb-above-header-display":"","ast-hfb-below-header-display":"","ast-hfb-mobile-header-display":"","site-post-title":"disabled","ast-breadcrumbs-content":"","ast-featured-img":"disabled","footer-sml-layout":"","theme-transparent-header-meta":"","adv-header-id-meta":"","stick-header-meta":"","header-above-stick-meta":"","header-main-stick-meta":"","header-below-stick-meta":"","astra-migrate-meta-layouts":"default","ast-page-background-enabled":"default","ast-page-background-meta":{"desktop":{"background-color":"","background-image":"","background-repeat":"repeat","background-position":"center center","background-size":"auto","background-attachment":"scroll","background-type":"","background-media":"","overlay-type":"","overlay-color":"","overlay-gradient":""},"tablet":{"background-color":"","background-image":"","background-repeat":"repeat","background-position":"center center","background-size":"auto","background-attachment":"scroll","background-type":"","background-media":"","overlay-type":"","overlay-color":"","overlay-gradient":""},"mobile":{"background-color":"","background-image":"","background-repeat":"repeat","background-position":"center center","background-size":"auto","background-attachment":"scroll","background-type":"","background-media":"","overlay-type":"","overlay-color":"","overlay-gradient":""}},"ast-content-background-meta":{"desktop":{"background-color":"var(--ast-global-color-5)","background-image":"","background-repeat":"repeat","background-position":"center center","background-size":"auto","background-attachment":"scroll","background-type":"","background-media":"","overlay-type":"","overlay-color":"","overlay-gradient":""},"tablet":{"background-color":"var(--ast-global-color-5)","background-image":"","background-repeat":"repeat","background-position":"center center","background-size":"auto","background-attachment":"scroll","background-type":"","background-media":"","overlay-type":"","overlay-color":"","overlay-gradient":""},"mobile":{"background-color":"var(--ast-global-color-5)","background-image":"","background-repeat":"repeat","background-position":"center center","background-size":"auto","background-attachment":"scroll","background-type":"","background-media":"","overlay-type":"","overlay-color":"","overlay-gradient":""}},"footnotes":""},"class_list":["post-3263","page","type-page","status-publish","hentry"],"acf":[],"_links":{"self":[{"href":"https:\/\/wp.repaircms.com\/de\/wp-json\/wp\/v2\/pages\/3263","targetHints":{"allow":["GET"]}}],"collection":[{"href":"https:\/\/wp.repaircms.com\/de\/wp-json\/wp\/v2\/pages"}],"about":[{"href":"https:\/\/wp.repaircms.com\/de\/wp-json\/wp\/v2\/types\/page"}],"author":[{"embeddable":true,"href":"https:\/\/wp.repaircms.com\/de\/wp-json\/wp\/v2\/users\/1"}],"replies":[{"embeddable":true,"href":"https:\/\/wp.repaircms.com\/de\/wp-json\/wp\/v2\/comments?post=3263"}],"version-history":[{"count":0,"href":"https:\/\/wp.repaircms.com\/de\/wp-json\/wp\/v2\/pages\/3263\/revisions"}],"wp:attachment":[{"href":"https:\/\/wp.repaircms.com\/de\/wp-json\/wp\/v2\/media?parent=3263"}],"curies":[{"name":"wp","href":"https:\/\/api.w.org\/{rel}","templated":true}]}}