{"id":3265,"date":"2022-12-01T21:04:48","date_gmt":"2022-12-01T20:04:48","guid":{"rendered":"https:\/\/wp.repaircms.com\/?page_id=3265"},"modified":"2022-12-04T01:00:53","modified_gmt":"2022-12-04T00:00:53","slug":"spam-richtlinie","status":"publish","type":"page","link":"https:\/\/wp.repaircms.com\/de\/spam-richtlinie\/","title":{"rendered":"Spam-Richtlinie"},"content":{"rendered":"\t\t<div data-elementor-type=\"wp-page\" data-elementor-id=\"3265\" class=\"elementor elementor-3265\" data-elementor-post-type=\"page\">\n\t\t\t\t\t\t<section data-exad-particle-enable=\"false\" class=\"elementor-section elementor-top-section elementor-element elementor-element-595d346 elementor-section-boxed elementor-section-height-default elementor-section-height-default exad-parallax-effect-no exad-background-color-change-no\" data-id=\"595d346\" data-element_type=\"section\">\n\t\t\t\t\t\t<div class=\"elementor-container elementor-column-gap-default\">\n\t\t\t\t\t<div class=\"elementor-column elementor-col-100 elementor-top-column elementor-element elementor-element-ce750b8\" data-id=\"ce750b8\" data-element_type=\"column\">\n\t\t\t<div class=\"elementor-widget-wrap elementor-element-populated\">\n\t\t\t\t\t\t<div class=\"elementor-element elementor-element-f26809d elementor-widget elementor-widget-text-editor\" data-id=\"f26809d\" data-element_type=\"widget\" data-widget_type=\"text-editor.default\">\n\t\t\t\t<div class=\"elementor-widget-container\">\n\t\t\t<style>\/*! elementor - v3.20.0 - 13-03-2024 *\/\n.elementor-widget-text-editor.elementor-drop-cap-view-stacked .elementor-drop-cap{background-color:#69727d;color:#fff}.elementor-widget-text-editor.elementor-drop-cap-view-framed .elementor-drop-cap{color:#69727d;border:3px solid;background-color:transparent}.elementor-widget-text-editor:not(.elementor-drop-cap-view-default) .elementor-drop-cap{margin-top:8px}.elementor-widget-text-editor:not(.elementor-drop-cap-view-default) .elementor-drop-cap-letter{width:1em;height:1em}.elementor-widget-text-editor .elementor-drop-cap{float:left;text-align:center;line-height:1;font-size:50px}.elementor-widget-text-editor .elementor-drop-cap-letter{display:inline-block}<\/style>\t\t\t\t<p>Durch die Nutzung von RepairCMS erkl\u00e4ren Sie sich mit den Spam-Richtlinien einverstanden.<br \/>Wir haben keine Toleranz gegen\u00fcber Spam. RepairCMS darf nicht f\u00fcr den Versand von Massen- oder unerw\u00fcnschten Nachrichten verwendet werden. Wir \u00fcberwachen alle Aktivit\u00e4ten auf Verst\u00f6\u00dfe und werden alle betroffenen Konten l\u00f6schen, bei denen Verst\u00f6\u00dfe festgestellt werden.<\/p><p>Wir nehmen auch Spam-Beschwerden von unseren Nutzern ernst und untersuchen alle Spam-Meldungen. Alle Konten, die wegen Spam gemeldet werden, unverz\u00fcglich gel\u00f6scht.<\/p><p>Sie sind f\u00fcr die Nachrichten verantwortlich, die Sie \u00fcber RepairCMS versenden. Unser Support-Team f\u00fchrt \u00dcberpr\u00fcfungen durch, beh\u00e4lt sich das Recht vor, jedes Konto aus den unten genannten Gr\u00fcnden zu l\u00f6schen:<\/p><ul><li>Das Versenden halten mit vulg\u00e4rer Aussprache<\/li><li>Das Versenden von Inhalten, die gegen das Gesetz versto\u00dfen<\/li><li>Das Versenden pornografischen Inhalten<\/li><li>Das Versenden von Inhalten, die Urheberrechte oder geistiges Eigentum verletzen<\/li><li>Das Versenden von Inhalten, die wissentlich falsche Angaben \u00fcber Sie oder andere enthalten<\/li><li>Das Versenden von Inhalten, die andere verleumden<\/li><li>Das Versenden von Inhalten, die vertrauliche Informationen enthalten<\/li><\/ul>\t\t\t\t\t\t<\/div>\n\t\t\t\t<\/div>\n\t\t\t\t\t<\/div>\n\t\t<\/div>\n\t\t\t\t\t<\/div>\n\t\t<\/section>\n\t\t\t\t<\/div>\n\t\t","protected":false},"excerpt":{"rendered":"<p>Durch die Nutzung von RepairCMS erkl\u00e4ren Sie sich mit den Spam-Richtlinien einverstanden.Wir haben keine Toleranz gegen\u00fcber Spam. RepairCMS darf nicht f\u00fcr den Versand von Massen- oder unerw\u00fcnschten Nachrichten verwendet werden. Wir \u00fcberwachen alle Aktivit\u00e4ten auf Verst\u00f6\u00dfe und werden alle betroffenen Konten l\u00f6schen, bei denen Verst\u00f6\u00dfe festgestellt werden. Wir nehmen auch Spam-Beschwerden von unseren Nutzern ernst [&hellip;]<\/p>\n","protected":false},"author":1,"featured_media":0,"parent":0,"menu_order":0,"comment_status":"closed","ping_status":"closed","template":"","meta":{"_acf_changed":false,"content-type":"","inline_featured_image":false,"site-sidebar-layout":"left-sidebar","site-content-layout":"content-boxed-container","ast-site-content-layout":"","site-content-style":"default","site-sidebar-style":"default","ast-global-header-display":"","ast-banner-title-visibility":"","ast-main-header-display":"","ast-hfb-above-header-display":"","ast-hfb-below-header-display":"","ast-hfb-mobile-header-display":"","site-post-title":"disabled","ast-breadcrumbs-content":"","ast-featured-img":"disabled","footer-sml-layout":"","theme-transparent-header-meta":"","adv-header-id-meta":"","stick-header-meta":"","header-above-stick-meta":"","header-main-stick-meta":"","header-below-stick-meta":"","astra-migrate-meta-layouts":"default","ast-page-background-enabled":"default","ast-page-background-meta":{"desktop":{"background-color":"","background-image":"","background-repeat":"repeat","background-position":"center center","background-size":"auto","background-attachment":"scroll","background-type":"","background-media":"","overlay-type":"","overlay-color":"","overlay-gradient":""},"tablet":{"background-color":"","background-image":"","background-repeat":"repeat","background-position":"center center","background-size":"auto","background-attachment":"scroll","background-type":"","background-media":"","overlay-type":"","overlay-color":"","overlay-gradient":""},"mobile":{"background-color":"","background-image":"","background-repeat":"repeat","background-position":"center center","background-size":"auto","background-attachment":"scroll","background-type":"","background-media":"","overlay-type":"","overlay-color":"","overlay-gradient":""}},"ast-content-background-meta":{"desktop":{"background-color":"var(--ast-global-color-5)","background-image":"","background-repeat":"repeat","background-position":"center center","background-size":"auto","background-attachment":"scroll","background-type":"","background-media":"","overlay-type":"","overlay-color":"","overlay-gradient":""},"tablet":{"background-color":"var(--ast-global-color-5)","background-image":"","background-repeat":"repeat","background-position":"center center","background-size":"auto","background-attachment":"scroll","background-type":"","background-media":"","overlay-type":"","overlay-color":"","overlay-gradient":""},"mobile":{"background-color":"var(--ast-global-color-5)","background-image":"","background-repeat":"repeat","background-position":"center center","background-size":"auto","background-attachment":"scroll","background-type":"","background-media":"","overlay-type":"","overlay-color":"","overlay-gradient":""}},"footnotes":""},"class_list":["post-3265","page","type-page","status-publish","hentry"],"acf":[],"_links":{"self":[{"href":"https:\/\/wp.repaircms.com\/de\/wp-json\/wp\/v2\/pages\/3265","targetHints":{"allow":["GET"]}}],"collection":[{"href":"https:\/\/wp.repaircms.com\/de\/wp-json\/wp\/v2\/pages"}],"about":[{"href":"https:\/\/wp.repaircms.com\/de\/wp-json\/wp\/v2\/types\/page"}],"author":[{"embeddable":true,"href":"https:\/\/wp.repaircms.com\/de\/wp-json\/wp\/v2\/users\/1"}],"replies":[{"embeddable":true,"href":"https:\/\/wp.repaircms.com\/de\/wp-json\/wp\/v2\/comments?post=3265"}],"version-history":[{"count":0,"href":"https:\/\/wp.repaircms.com\/de\/wp-json\/wp\/v2\/pages\/3265\/revisions"}],"wp:attachment":[{"href":"https:\/\/wp.repaircms.com\/de\/wp-json\/wp\/v2\/media?parent=3265"}],"curies":[{"name":"wp","href":"https:\/\/api.w.org\/{rel}","templated":true}]}}